{"id":28,"date":"2023-03-31T14:46:42","date_gmt":"2023-03-31T12:46:42","guid":{"rendered":"http:\/\/www.gemshorn.eu\/domains\/gemshorn.eu\/our-story\/"},"modified":"2024-01-08T11:09:34","modified_gmt":"2024-01-08T10:09:34","slug":"zillertal","status":"publish","type":"page","link":"https:\/\/www.gemshorn.eu\/domains\/gemshorn.eu\/cs_cz\/zillertal\/","title":{"rendered":"Zillertal"},"content":{"rendered":"\t\t<div data-elementor-type=\"wp-page\" data-elementor-id=\"28\" class=\"elementor elementor-28\">\n\t\t\t\t\t\t<section class=\"elementor-section elementor-top-section elementor-element elementor-element-1bad28a1 elementor-section-full_width elementor-section-content-middle elementor-reverse-mobile elementor-section-height-min-height elementor-section-items-stretch elementor-section-height-default wpr-particle-no wpr-jarallax-no wpr-parallax-no wpr-column-slider-no wpr-equal-height-no\" data-id=\"1bad28a1\" data-element_type=\"section\" data-e-type=\"section\" data-settings=\"{&quot;background_background&quot;:&quot;slideshow&quot;,&quot;background_slideshow_gallery&quot;:[],&quot;background_slideshow_loop&quot;:&quot;yes&quot;,&quot;background_slideshow_slide_duration&quot;:5000,&quot;background_slideshow_slide_transition&quot;:&quot;fade&quot;,&quot;background_slideshow_transition_duration&quot;:500}\">\n\t\t\t\t\t\t<div class=\"elementor-container elementor-column-gap-no\">\n\t\t\t\t\t<div class=\"elementor-column elementor-col-50 elementor-top-column elementor-element elementor-element-e8333ac\" data-id=\"e8333ac\" data-element_type=\"column\" data-e-type=\"column\" data-settings=\"{&quot;background_background&quot;:&quot;classic&quot;}\">\n\t\t\t<div class=\"elementor-widget-wrap elementor-element-populated\">\n\t\t\t\t\t\t<div class=\"elementor-element elementor-element-d13c99c elementor-widget elementor-widget-spacer\" data-id=\"d13c99c\" data-element_type=\"widget\" data-e-type=\"widget\" data-widget_type=\"spacer.default\">\n\t\t\t\t<div class=\"elementor-widget-container\">\n\t\t\t\t\t\t\t<div class=\"elementor-spacer\">\n\t\t\t<div class=\"elementor-spacer-inner\"><\/div>\n\t\t<\/div>\n\t\t\t\t\t\t<\/div>\n\t\t\t\t<\/div>\n\t\t\t\t\t<\/div>\n\t\t<\/div>\n\t\t\t\t<div class=\"elementor-column elementor-col-50 elementor-top-column elementor-element elementor-element-49189231\" data-id=\"49189231\" data-element_type=\"column\" data-e-type=\"column\">\n\t\t\t<div class=\"elementor-widget-wrap elementor-element-populated\">\n\t\t\t\t\t\t<div class=\"elementor-element elementor-element-d2b127a elementor-widget elementor-widget-heading\" data-id=\"d2b127a\" data-element_type=\"widget\" data-e-type=\"widget\" data-widget_type=\"heading.default\">\n\t\t\t\t<div class=\"elementor-widget-container\">\n\t\t\t\t\t<h6 class=\"elementor-heading-title elementor-size-default\">\u00fadol\u00ed<\/h6>\t\t\t\t<\/div>\n\t\t\t\t<\/div>\n\t\t\t\t<div class=\"elementor-element elementor-element-6e51f598 elementor-invisible elementor-widget elementor-widget-heading\" data-id=\"6e51f598\" data-element_type=\"widget\" data-e-type=\"widget\" data-settings=\"{&quot;_animation&quot;:&quot;fadeIn&quot;}\" data-widget_type=\"heading.default\">\n\t\t\t\t<div class=\"elementor-widget-container\">\n\t\t\t\t\t<h2 class=\"elementor-heading-title elementor-size-default\">Zillertal<\/h2>\t\t\t\t<\/div>\n\t\t\t\t<\/div>\n\t\t\t\t<div class=\"elementor-element elementor-element-f9b6ee9 elementor-invisible elementor-widget elementor-widget-text-editor\" data-id=\"f9b6ee9\" data-element_type=\"widget\" data-e-type=\"widget\" data-settings=\"{&quot;_animation&quot;:&quot;fadeIn&quot;,&quot;_animation_delay&quot;:400}\" data-widget_type=\"text-editor.default\">\n\t\t\t\t<div class=\"elementor-widget-container\">\n\t\t\t\t\t\t\t\t\t<p>Zillertal je 40 km dlouh\u00e9 \u00fadol\u00ed jeho\u017e sm\u011br i jm\u00e9no ud\u00e1v\u00e1 \u0159eka Ziller. \u00dadol\u00ed se nach\u00e1z\u00ed zhruba 1 hodinu autem od hlavn\u00edho m\u011bsta Tyrolska, Innsbrucku a je obklopeno siln\u011b zledovat\u011bl\u00fdmi alpsk\u00fdmi masivy: Zillertaler Alepen, Tuxer Alpen a K\u00fctzb\u00fchler Alpen.\u00a0<\/p><p>D\u00edky jeho poloze a kr\u00e1sn\u00e9 panensk\u00e9 p\u0159\u00edrod\u011b se Zillertal stal jedn\u00edm z nejnav\u0161t\u011bvovan\u011bj\u0161\u00edch \u00fadol\u00ed Tyrolska, kter\u00e9 nab\u00edz\u00ed nekone\u010dn\u00e9 mno\u017estv\u00ed aktivit. Jeho obrovskou p\u0159ednost\u00ed nen\u00ed jen mo\u017enost celoro\u010dn\u00edho ly\u017eov\u00e1n\u00ed, ale tak\u00e9 st\u00e1le se roz\u0161i\u0159uj\u00edc\u00ed letn\u00ed turismus. Nab\u00edz\u00ed nespo\u010det p\u0159ekr\u00e1sn\u00fdch turistick\u00fdch tras v nedot\u010den\u00e9 p\u0159\u00edrod\u011b, ale tak\u00e9 rozr\u016fstaj\u00edc\u00ed se vodn\u00ed plochy ke koup\u00e1n\u00ed a d\u011btsk\u00e9 atrakce a t\u00e9m\u011b\u0159 ka\u017ed\u00e9m vrcholku.\u00a0<\/p>\t\t\t\t\t\t\t\t<\/div>\n\t\t\t\t<\/div>\n\t\t\t\t\t<\/div>\n\t\t<\/div>\n\t\t\t\t\t<\/div>\n\t\t<\/section>\n\t\t\t\t<section class=\"elementor-section elementor-top-section elementor-element elementor-element-1843e4df elementor-section-full_width elementor-section-content-middle elementor-section-height-min-height elementor-section-items-stretch elementor-section-height-default wpr-particle-no wpr-jarallax-no wpr-parallax-no wpr-sticky-section-no wpr-column-slider-no wpr-equal-height-no\" data-id=\"1843e4df\" data-element_type=\"section\" data-e-type=\"section\">\n\t\t\t\t\t\t<div class=\"elementor-container elementor-column-gap-no\">\n\t\t\t\t\t<div class=\"elementor-column elementor-col-25 elementor-top-column elementor-element elementor-element-1eb2f584\" data-id=\"1eb2f584\" data-element_type=\"column\" data-e-type=\"column\">\n\t\t\t<div class=\"elementor-widget-wrap elementor-element-populated\">\n\t\t\t\t\t\t<div class=\"elementor-element elementor-element-2498c247 elementor-widget elementor-widget-heading\" data-id=\"2498c247\" data-element_type=\"widget\" data-e-type=\"widget\" data-widget_type=\"heading.default\">\n\t\t\t\t<div class=\"elementor-widget-container\">\n\t\t\t\t\t<h2 class=\"elementor-heading-title elementor-size-default\">Letn\u00ed festivaly<\/h2>\t\t\t\t<\/div>\n\t\t\t\t<\/div>\n\t\t\t\t<div class=\"elementor-element elementor-element-31708b4e elementor-widget elementor-widget-text-editor\" data-id=\"31708b4e\" data-element_type=\"widget\" data-e-type=\"widget\" data-widget_type=\"text-editor.default\">\n\t\t\t\t<div class=\"elementor-widget-container\">\n\t\t\t\t\t\t\t\t\t<p>V l\u00e9t\u011b to v Zillertalu \u017eije. Jednou z tradic m\u00edstn\u00edch obyvatel jsou tzv. &#8222;Feste&#8220;, tedy mal\u00e9 festivaly, oslavy a p\u0159edstaven\u00ed ve m\u011bstech a vesnic\u00edch Zillertalu. Najdete zde farm\u00e1\u0159sk\u00e9 trhy, hudebn\u00ed p\u0159edstaven\u00ed m\u00edstn\u00edch kapel i mo\u017enost ochutnat m\u00edstn\u00ed speciality jako nap\u0159. &#8222;Zillertaler Krapfen&#8220;.<\/p>\t\t\t\t\t\t\t\t<\/div>\n\t\t\t\t<\/div>\n\t\t\t\t\t<\/div>\n\t\t<\/div>\n\t\t\t\t<div class=\"elementor-column elementor-col-50 elementor-top-column elementor-element elementor-element-33a1adb9\" data-id=\"33a1adb9\" data-element_type=\"column\" data-e-type=\"column\" data-settings=\"{&quot;background_background&quot;:&quot;classic&quot;}\">\n\t\t\t<div class=\"elementor-widget-wrap elementor-element-populated\">\n\t\t\t\t\t\t\t<\/div>\n\t\t<\/div>\n\t\t\t\t<div class=\"elementor-column elementor-col-25 elementor-top-column elementor-element elementor-element-c15d2d2\" data-id=\"c15d2d2\" data-element_type=\"column\" data-e-type=\"column\" data-settings=\"{&quot;background_background&quot;:&quot;classic&quot;}\">\n\t\t\t<div class=\"elementor-widget-wrap elementor-element-populated\">\n\t\t\t\t\t\t<div class=\"elementor-element elementor-element-16d5dff elementor-widget__width-initial elementor-widget-tablet__width-initial elementor-absolute elementor-widget elementor-widget-image\" data-id=\"16d5dff\" data-element_type=\"widget\" data-e-type=\"widget\" data-settings=\"{&quot;_position&quot;:&quot;absolute&quot;}\" data-widget_type=\"image.default\">\n\t\t\t\t<div class=\"elementor-widget-container\">\n\t\t\t\t\t\t\t\t\t\t\t\t\t\t\t<img fetchpriority=\"high\" decoding=\"async\" width=\"1580\" height=\"1920\" src=\"https:\/\/www.gemshorn.eu\/domains\/gemshorn.eu\/wp-content\/uploads\/2023\/04\/IMMV7478.jpg\" class=\"attachment-full size-full wp-image-1076\" alt=\"\" srcset=\"https:\/\/www.gemshorn.eu\/domains\/gemshorn.eu\/wp-content\/uploads\/2023\/04\/IMMV7478.jpg 1580w, https:\/\/www.gemshorn.eu\/domains\/gemshorn.eu\/wp-content\/uploads\/2023\/04\/IMMV7478-247x300.jpg 247w, https:\/\/www.gemshorn.eu\/domains\/gemshorn.eu\/wp-content\/uploads\/2023\/04\/IMMV7478-843x1024.jpg 843w, https:\/\/www.gemshorn.eu\/domains\/gemshorn.eu\/wp-content\/uploads\/2023\/04\/IMMV7478-768x933.jpg 768w, https:\/\/www.gemshorn.eu\/domains\/gemshorn.eu\/wp-content\/uploads\/2023\/04\/IMMV7478-1264x1536.jpg 1264w, https:\/\/www.gemshorn.eu\/domains\/gemshorn.eu\/wp-content\/uploads\/2023\/04\/IMMV7478-10x12.jpg 10w, https:\/\/www.gemshorn.eu\/domains\/gemshorn.eu\/wp-content\/uploads\/2023\/04\/IMMV7478-600x729.jpg 600w\" sizes=\"(max-width: 1580px) 100vw, 1580px\" \/>\t\t\t\t\t\t\t\t\t\t\t\t\t\t\t<\/div>\n\t\t\t\t<\/div>\n\t\t\t\t\t<\/div>\n\t\t<\/div>\n\t\t\t\t\t<\/div>\n\t\t<\/section>\n\t\t\t\t<section class=\"elementor-section elementor-top-section elementor-element elementor-element-46a7284 elementor-section-full_width elementor-section-content-middle elementor-section-height-min-height elementor-section-items-stretch elementor-section-height-default wpr-particle-no wpr-jarallax-no wpr-parallax-no wpr-sticky-section-no wpr-column-slider-no wpr-equal-height-no\" data-id=\"46a7284\" data-element_type=\"section\" data-e-type=\"section\">\n\t\t\t\t\t\t<div class=\"elementor-container elementor-column-gap-no\">\n\t\t\t\t\t<div class=\"elementor-column elementor-col-50 elementor-top-column elementor-element elementor-element-f91695e\" data-id=\"f91695e\" data-element_type=\"column\" data-e-type=\"column\" data-settings=\"{&quot;background_background&quot;:&quot;classic&quot;}\">\n\t\t\t<div class=\"elementor-widget-wrap elementor-element-populated\">\n\t\t\t\t\t\t<div class=\"elementor-element elementor-element-0d81e76 elementor-widget-tablet__width-initial elementor-widget-mobile__width-initial elementor-absolute elementor-hidden-tablet elementor-hidden-mobile elementor-widget elementor-widget-image\" data-id=\"0d81e76\" data-element_type=\"widget\" data-e-type=\"widget\" data-settings=\"{&quot;_position&quot;:&quot;absolute&quot;}\" data-widget_type=\"image.default\">\n\t\t\t\t<div class=\"elementor-widget-container\">\n\t\t\t\t\t\t\t\t\t\t\t\t\t\t\t<img decoding=\"async\" width=\"1440\" height=\"1920\" src=\"https:\/\/www.gemshorn.eu\/domains\/gemshorn.eu\/wp-content\/uploads\/2023\/04\/IMG-20220929-WA0092.jpg\" class=\"attachment-full size-full wp-image-923\" alt=\"\" srcset=\"https:\/\/www.gemshorn.eu\/domains\/gemshorn.eu\/wp-content\/uploads\/2023\/04\/IMG-20220929-WA0092.jpg 1440w, https:\/\/www.gemshorn.eu\/domains\/gemshorn.eu\/wp-content\/uploads\/2023\/04\/IMG-20220929-WA0092-600x800.jpg 600w, https:\/\/www.gemshorn.eu\/domains\/gemshorn.eu\/wp-content\/uploads\/2023\/04\/IMG-20220929-WA0092-225x300.jpg 225w, https:\/\/www.gemshorn.eu\/domains\/gemshorn.eu\/wp-content\/uploads\/2023\/04\/IMG-20220929-WA0092-768x1024.jpg 768w, https:\/\/www.gemshorn.eu\/domains\/gemshorn.eu\/wp-content\/uploads\/2023\/04\/IMG-20220929-WA0092-1152x1536.jpg 1152w, https:\/\/www.gemshorn.eu\/domains\/gemshorn.eu\/wp-content\/uploads\/2023\/04\/IMG-20220929-WA0092-9x12.jpg 9w\" sizes=\"(max-width: 1440px) 100vw, 1440px\" \/>\t\t\t\t\t\t\t\t\t\t\t\t\t\t\t<\/div>\n\t\t\t\t<\/div>\n\t\t\t\t\t<\/div>\n\t\t<\/div>\n\t\t\t\t<div class=\"elementor-column elementor-col-25 elementor-top-column elementor-element elementor-element-164be9c\" data-id=\"164be9c\" data-element_type=\"column\" data-e-type=\"column\" data-settings=\"{&quot;background_background&quot;:&quot;classic&quot;}\">\n\t\t\t<div class=\"elementor-widget-wrap elementor-element-populated\">\n\t\t\t\t\t\t<div class=\"elementor-element elementor-element-57b78a9 elementor-widget-tablet__width-initial elementor-widget elementor-widget-image\" data-id=\"57b78a9\" data-element_type=\"widget\" data-e-type=\"widget\" data-widget_type=\"image.default\">\n\t\t\t\t<div class=\"elementor-widget-container\">\n\t\t\t\t\t\t\t\t\t\t\t\t\t\t\t<img decoding=\"async\" width=\"768\" height=\"1024\" src=\"https:\/\/www.gemshorn.eu\/domains\/gemshorn.eu\/wp-content\/uploads\/2023\/04\/IMG-20220929-WA0060-768x1024.jpg\" class=\"attachment-large size-large wp-image-922\" alt=\"\" srcset=\"https:\/\/www.gemshorn.eu\/domains\/gemshorn.eu\/wp-content\/uploads\/2023\/04\/IMG-20220929-WA0060-768x1024.jpg 768w, https:\/\/www.gemshorn.eu\/domains\/gemshorn.eu\/wp-content\/uploads\/2023\/04\/IMG-20220929-WA0060-600x800.jpg 600w, https:\/\/www.gemshorn.eu\/domains\/gemshorn.eu\/wp-content\/uploads\/2023\/04\/IMG-20220929-WA0060-225x300.jpg 225w, https:\/\/www.gemshorn.eu\/domains\/gemshorn.eu\/wp-content\/uploads\/2023\/04\/IMG-20220929-WA0060-1152x1536.jpg 1152w, https:\/\/www.gemshorn.eu\/domains\/gemshorn.eu\/wp-content\/uploads\/2023\/04\/IMG-20220929-WA0060-9x12.jpg 9w, https:\/\/www.gemshorn.eu\/domains\/gemshorn.eu\/wp-content\/uploads\/2023\/04\/IMG-20220929-WA0060.jpg 1440w\" sizes=\"(max-width: 768px) 100vw, 768px\" \/>\t\t\t\t\t\t\t\t\t\t\t\t\t\t\t<\/div>\n\t\t\t\t<\/div>\n\t\t\t\t\t<\/div>\n\t\t<\/div>\n\t\t\t\t<div class=\"elementor-column elementor-col-25 elementor-top-column elementor-element elementor-element-6388ff7\" data-id=\"6388ff7\" data-element_type=\"column\" data-e-type=\"column\">\n\t\t\t<div class=\"elementor-widget-wrap elementor-element-populated\">\n\t\t\t\t\t\t<div class=\"elementor-element elementor-element-490ad2d elementor-widget elementor-widget-heading\" data-id=\"490ad2d\" data-element_type=\"widget\" data-e-type=\"widget\" data-widget_type=\"heading.default\">\n\t\t\t\t<div class=\"elementor-widget-container\">\n\t\t\t\t\t<h2 class=\"elementor-heading-title elementor-size-default\">Alm Abtrieb<\/h2>\t\t\t\t<\/div>\n\t\t\t\t<\/div>\n\t\t\t\t<div class=\"elementor-element elementor-element-427828d elementor-widget elementor-widget-text-editor\" data-id=\"427828d\" data-element_type=\"widget\" data-e-type=\"widget\" data-widget_type=\"text-editor.default\">\n\t\t\t\t<div class=\"elementor-widget-container\">\n\t\t\t\t\t\t\t\t\tJednou z nejpopul\u00e1rn\u011bj\u0161\u00edch ud\u00e1lost\u00ed jak pro m\u00edstn\u00ed, tak pro turisty se stala &#8222;Alm Abtrieb&#8220; neboli ukon\u010den\u00ed letn\u00ed sez\u00f3ny, kdy je \u010das p\u0159iv\u00e9st kr\u00e1vy z horsk\u00fdch pl\u00e1n\u00ed zp\u00e1tky dom\u016f. Tato ud\u00e1lost je oslavov\u00e1na festivaly ve m\u011bstech kde najdete \u017eivou hudbu na ka\u017ed\u00e9m rohu a spoustu st\u00e1nk\u016f s m\u00edstn\u00edmi produkty a pochutinami. Jednou z hlavn\u00edch atrakc\u00ed je p\u0159ehl\u00eddka nastrojen\u00fdch krav a n\u00e1sledn\u00e9 vyhodnocen\u00ed v\u00edt\u011bze.\u00a0\t\t\t\t\t\t\t\t<\/div>\n\t\t\t\t<\/div>\n\t\t\t\t<div class=\"elementor-element elementor-element-412cb65 elementor-widget elementor-widget-text-editor\" data-id=\"412cb65\" data-element_type=\"widget\" data-e-type=\"widget\" data-widget_type=\"text-editor.default\">\n\t\t\t\t<div class=\"elementor-widget-container\">\n\t\t\t\t\t\t\t\t\t<p>M\u00edsto a dny kon\u00e1n\u00ed:<\/p><p><a href=\"https:\/\/www.zillertalarena.com\/gerlos\/der-ort\/veranstaltungen\/almabtrieb\/\">28.9.2024 &#8211; Gerlos<\/a><\/p><p><a href=\"https:\/\/www.zillertalarena.com\/zell\/der-ort\/veranstaltungen\/almabtrieb\/\">28.9.2024 &#8211; Zell am Ziller\u00a0<\/a><\/p>\t\t\t\t\t\t\t\t<\/div>\n\t\t\t\t<\/div>\n\t\t\t\t\t<\/div>\n\t\t<\/div>\n\t\t\t\t\t<\/div>\n\t\t<\/section>\n\t\t\t\t<\/div>\n\t\t","protected":false},"excerpt":{"rendered":"<p>\u00fadol\u00ed Zillertal Zillertal je 40 km dlouh\u00e9 \u00fadol\u00ed jeho\u017e sm\u011br i jm\u00e9no ud\u00e1v\u00e1 \u0159eka Ziller. \u00dadol\u00ed se nach\u00e1z\u00ed zhruba 1 hodinu autem od hlavn\u00edho m\u011bsta Tyrolska, Innsbrucku a je obklopeno siln\u011b zledovat\u011bl\u00fdmi alpsk\u00fdmi masivy: Zillertaler Alepen, Tuxer Alpen a K\u00fctzb\u00fchler Alpen.\u00a0 D\u00edky jeho poloze a kr\u00e1sn\u00e9 panensk\u00e9 p\u0159\u00edrod\u011b se Zillertal stal jedn\u00edm z nejnav\u0161t\u011bvovan\u011bj\u0161\u00edch \u00fadol\u00ed Tyrolska, kter\u00e9 nab\u00edz\u00ed nekone\u010dn\u00e9 mno\u017estv\u00ed aktivit. Jeho obrovskou p\u0159ednost\u00ed nen\u00ed jen mo\u017enost celoro\u010dn\u00edho ly\u017eov\u00e1n\u00ed, ale tak\u00e9 st\u00e1le se roz\u0161i\u0159uj\u00edc\u00ed letn\u00ed turismus. Nab\u00edz\u00ed nespo\u010det p\u0159ekr\u00e1sn\u00fdch turistick\u00fdch tras v nedot\u010den\u00e9 p\u0159\u00edrod\u011b, ale tak\u00e9 rozr\u016fstaj\u00edc\u00ed se vodn\u00ed plochy ke koup\u00e1n\u00ed a d\u011btsk\u00e9 atrakce a t\u00e9m\u011b\u0159 ka\u017ed\u00e9m vrcholku.\u00a0 Letn\u00ed festivaly V l\u00e9t\u011b to v Zillertalu \u017eije. Jednou z tradic m\u00edstn\u00edch obyvatel jsou tzv. &#8222;Feste&#8220;, tedy mal\u00e9 festivaly, oslavy a p\u0159edstaven\u00ed ve m\u011bstech a vesnic\u00edch Zillertalu. Najdete zde farm\u00e1\u0159sk\u00e9 trhy, hudebn\u00ed p\u0159edstaven\u00ed m\u00edstn\u00edch kapel i mo\u017enost ochutnat m\u00edstn\u00ed speciality jako nap\u0159. &#8222;Zillertaler Krapfen&#8220;. Alm Abtrieb Jednou z nejpopul\u00e1rn\u011bj\u0161\u00edch ud\u00e1lost\u00ed jak pro m\u00edstn\u00ed, tak pro turisty se stala &#8222;Alm Abtrieb&#8220; neboli ukon\u010den\u00ed letn\u00ed sez\u00f3ny, kdy je \u010das p\u0159iv\u00e9st kr\u00e1vy z horsk\u00fdch pl\u00e1n\u00ed zp\u00e1tky dom\u016f. Tato ud\u00e1lost je oslavov\u00e1na festivaly ve m\u011bstech kde najdete \u017eivou hudbu na ka\u017ed\u00e9m rohu a spoustu st\u00e1nk\u016f s m\u00edstn\u00edmi produkty a pochutinami. Jednou z hlavn\u00edch atrakc\u00ed je p\u0159ehl\u00eddka nastrojen\u00fdch krav a n\u00e1sledn\u00e9 vyhodnocen\u00ed v\u00edt\u011bze.\u00a0 M\u00edsto a dny kon\u00e1n\u00ed: 28.9.2024 &#8211; Gerlos 28.9.2024 &#8211; Zell am Ziller\u00a0<\/p>\n","protected":false},"author":1,"featured_media":0,"parent":0,"menu_order":0,"comment_status":"closed","ping_status":"closed","template":"elementor_header_footer","meta":{"footnotes":""},"class_list":["post-28","page","type-page","status-publish","hentry"],"jetpack_sharing_enabled":true,"_links":{"self":[{"href":"https:\/\/www.gemshorn.eu\/domains\/gemshorn.eu\/cs_cz\/wp-json\/wp\/v2\/pages\/28","targetHints":{"allow":["GET"]}}],"collection":[{"href":"https:\/\/www.gemshorn.eu\/domains\/gemshorn.eu\/cs_cz\/wp-json\/wp\/v2\/pages"}],"about":[{"href":"https:\/\/www.gemshorn.eu\/domains\/gemshorn.eu\/cs_cz\/wp-json\/wp\/v2\/types\/page"}],"author":[{"embeddable":true,"href":"https:\/\/www.gemshorn.eu\/domains\/gemshorn.eu\/cs_cz\/wp-json\/wp\/v2\/users\/1"}],"replies":[{"embeddable":true,"href":"https:\/\/www.gemshorn.eu\/domains\/gemshorn.eu\/cs_cz\/wp-json\/wp\/v2\/comments?post=28"}],"version-history":[{"count":43,"href":"https:\/\/www.gemshorn.eu\/domains\/gemshorn.eu\/cs_cz\/wp-json\/wp\/v2\/pages\/28\/revisions"}],"predecessor-version":[{"id":1656,"href":"https:\/\/www.gemshorn.eu\/domains\/gemshorn.eu\/cs_cz\/wp-json\/wp\/v2\/pages\/28\/revisions\/1656"}],"wp:attachment":[{"href":"https:\/\/www.gemshorn.eu\/domains\/gemshorn.eu\/cs_cz\/wp-json\/wp\/v2\/media?parent=28"}],"curies":[{"name":"wp","href":"https:\/\/api.w.org\/{rel}","templated":true}]}}