{"id":11,"date":"2023-03-31T14:46:35","date_gmt":"2023-03-31T12:46:35","guid":{"rendered":"http:\/\/www.gemshorn.eu\/domains\/gemshorn.eu\/contact-us\/"},"modified":"2024-01-08T11:06:05","modified_gmt":"2024-01-08T10:06:05","slug":"contact-us","status":"publish","type":"page","link":"https:\/\/www.gemshorn.eu\/domains\/gemshorn.eu\/de\/contact-us\/","title":{"rendered":"Kontakt"},"content":{"rendered":"<div data-elementor-type=\"wp-page\" data-elementor-id=\"11\" class=\"elementor elementor-11\">\n\t\t\t\t\t\t<section class=\"elementor-section elementor-top-section elementor-element elementor-element-483b6afe elementor-section-content-middle elementor-section-height-min-height elementor-section-items-stretch elementor-section-boxed elementor-section-height-default wpr-particle-no wpr-jarallax-no wpr-parallax-no wpr-sticky-section-no wpr-column-slider-no wpr-equal-height-no\" data-id=\"483b6afe\" data-element_type=\"section\" data-e-type=\"section\">\n\t\t\t\t\t\t<div class=\"elementor-container elementor-column-gap-no\">\n\t\t\t\t\t<div class=\"elementor-column elementor-col-50 elementor-top-column elementor-element elementor-element-2e918af7\" data-id=\"2e918af7\" data-element_type=\"column\" data-e-type=\"column\">\n\t\t\t<div class=\"elementor-widget-wrap elementor-element-populated\">\n\t\t\t\t\t\t<div class=\"elementor-element elementor-element-3cae1533 elementor-invisible elementor-widget elementor-widget-heading\" data-id=\"3cae1533\" data-element_type=\"widget\" data-e-type=\"widget\" data-settings=\"{&quot;_animation&quot;:&quot;fadeIn&quot;}\" data-widget_type=\"heading.default\">\n\t\t\t\t<div class=\"elementor-widget-container\">\n\t\t\t\t\t<h2 class=\"elementor-heading-title elementor-size-default\">Kontakt<\/h2>\t\t\t\t<\/div>\n\t\t\t\t<\/div>\n\t\t\t\t<div class=\"elementor-element elementor-element-1502262 elementor-widget elementor-widget-spacer\" data-id=\"1502262\" data-element_type=\"widget\" data-e-type=\"widget\" data-widget_type=\"spacer.default\">\n\t\t\t\t<div class=\"elementor-widget-container\">\n\t\t\t\t\t\t\t<div class=\"elementor-spacer\">\n\t\t\t<div class=\"elementor-spacer-inner\"><\/div>\n\t\t<\/div>\n\t\t\t\t\t\t<\/div>\n\t\t\t\t<\/div>\n\t\t\t\t<div class=\"elementor-element elementor-element-12b151f elementor-widget elementor-widget-text-editor\" data-id=\"12b151f\" data-element_type=\"widget\" data-e-type=\"widget\" data-widget_type=\"text-editor.default\">\n\t\t\t\t<div class=\"elementor-widget-container\">\n\t\t\t\t\t\t\t\t\t<p><strong style=\"color: var( --e-global-color-text );\">Manager<\/strong><span style=\"color: var( --e-global-color-text );\">Julian Wahler<\/span><\/p>\n<p><strong>Adresse:<\/strong> D\u00f6rfl 393, 6278 Hainzenberg, Tirol, AT<\/p>\n<p><strong>Telefon: + <\/strong>43 664 88212919, +420 777 780 666<\/p>\n<p><strong style=\"color: var( --e-global-color-text;\">E-Mail:<\/strong> gasthof@gemshorn.eu<\/p><p><br><\/p>\t\t\t\t\t\t\t\t<\/div>\n\t\t\t\t<\/div>\n\t\t\t\t<div class=\"elementor-element elementor-element-a031626 elementor-widget elementor-widget-text-editor\" data-id=\"a031626\" data-element_type=\"widget\" data-e-type=\"widget\" data-widget_type=\"text-editor.default\">\n\t\t\t\t<div class=\"elementor-widget-container\">\n\t\t\t\t\t\t\t\t\t<strong>Reservierungen<\/strong>\u0160\u00e1rka Mart\u00ednkov\u00e1\n<br>\n<strong>E-Mail:<\/strong> info@gemshorn.eu\t\t\t\t\t\t\t\t<\/div>\n\t\t\t\t<\/div>\n\t\t\t\t\t<\/div>\n\t\t<\/div>\n\t\t\t\t<div class=\"elementor-column elementor-col-50 elementor-top-column elementor-element elementor-element-99547f0\" data-id=\"99547f0\" data-element_type=\"column\" data-e-type=\"column\" data-settings=\"{&quot;background_background&quot;:&quot;classic&quot;}\">\n\t\t\t<div class=\"elementor-widget-wrap elementor-element-populated\">\n\t\t\t\t\t\t<div class=\"elementor-element elementor-element-873a5bf elementor-widget__width-initial elementor-widget elementor-widget-google_maps\" data-id=\"873a5bf\" data-element_type=\"widget\" data-e-type=\"widget\" data-widget_type=\"google_maps.default\">\n\t\t\t\t<div class=\"elementor-widget-container\">\n\t\t\t\t\t\t\t<div class=\"elementor-custom-embed\">\n\t\t\t<iframe loading=\"lazy\"\n\t\t\t\t\tsrc=\"https:\/\/maps.google.com\/maps?q=pension%20Gemshorn&#038;t=m&#038;z=5&#038;output=embed&#038;iwloc=near\"\n\t\t\t\t\ttitle=\"Pension Gemshorn\"\n\t\t\t\t\taria-label=\"Pension Gemshorn\"\n\t\t\t><\/iframe>\n\t\t<\/div>\n\t\t\t\t\t\t<\/div>\n\t\t\t\t<\/div>\n\t\t\t\t\t<\/div>\n\t\t<\/div>\n\t\t\t\t\t<\/div>\n\t\t<\/section>\n\t\t<div class=\"elementor-element elementor-element-24caced e-flex e-con-boxed wpr-particle-no wpr-jarallax-no wpr-parallax-no wpr-sticky-section-no wpr-column-slider-no wpr-equal-height-no e-con e-parent\" data-id=\"24caced\" data-element_type=\"container\" data-e-type=\"container\">\n\t\t\t\t\t<div class=\"e-con-inner\">\n\t\t\t\t<div class=\"elementor-element elementor-element-2dc67c3 elementor-widget elementor-widget-image\" data-id=\"2dc67c3\" data-element_type=\"widget\" data-e-type=\"widget\" data-widget_type=\"image.default\">\n\t\t\t\t<div class=\"elementor-widget-container\">\n\t\t\t\t\t\t\t\t\t\t\t\t\t\t\t<img fetchpriority=\"high\" decoding=\"async\" width=\"800\" height=\"600\" src=\"https:\/\/www.gemshorn.eu\/domains\/gemshorn.eu\/wp-content\/uploads\/2023\/10\/IMG_20200623_184127-1024x768.jpg\" class=\"attachment-large size-large wp-image-1636\" alt=\"\" srcset=\"https:\/\/www.gemshorn.eu\/domains\/gemshorn.eu\/wp-content\/uploads\/2023\/10\/IMG_20200623_184127-1024x768.jpg 1024w, https:\/\/www.gemshorn.eu\/domains\/gemshorn.eu\/wp-content\/uploads\/2023\/10\/IMG_20200623_184127-300x225.jpg 300w, https:\/\/www.gemshorn.eu\/domains\/gemshorn.eu\/wp-content\/uploads\/2023\/10\/IMG_20200623_184127-768x576.jpg 768w, https:\/\/www.gemshorn.eu\/domains\/gemshorn.eu\/wp-content\/uploads\/2023\/10\/IMG_20200623_184127-1536x1152.jpg 1536w, https:\/\/www.gemshorn.eu\/domains\/gemshorn.eu\/wp-content\/uploads\/2023\/10\/IMG_20200623_184127.jpg 1920w\" sizes=\"(max-width: 800px) 100vw, 800px\" \/>\t\t\t\t\t\t\t\t\t\t\t\t\t\t\t<\/div>\n\t\t\t\t<\/div>\n\t\t\t\t\t<\/div>\n\t\t\t\t<\/div>\n\t\t\t\t<\/div>","protected":false},"excerpt":{"rendered":"<p>Kontakt Gesch\u00e4ftsf\u00fchrer: Julian Wahler Adresse: D\u00f6rfl 393, 6278 Hainzenberg, Tirol, AT Telefon: + 43 664 88212919, +420 777 780 666 Email: gasthof@gemshorn.eu Reservierung: \u0160\u00e1rka Mart\u00ednkov\u00e1 Email: info@gemshorn.eu<\/p>","protected":false},"author":1,"featured_media":0,"parent":0,"menu_order":0,"comment_status":"closed","ping_status":"closed","template":"elementor_header_footer","meta":{"footnotes":""},"class_list":["post-11","page","type-page","status-publish","hentry"],"jetpack_sharing_enabled":true,"_links":{"self":[{"href":"https:\/\/www.gemshorn.eu\/domains\/gemshorn.eu\/de\/wp-json\/wp\/v2\/pages\/11","targetHints":{"allow":["GET"]}}],"collection":[{"href":"https:\/\/www.gemshorn.eu\/domains\/gemshorn.eu\/de\/wp-json\/wp\/v2\/pages"}],"about":[{"href":"https:\/\/www.gemshorn.eu\/domains\/gemshorn.eu\/de\/wp-json\/wp\/v2\/types\/page"}],"author":[{"embeddable":true,"href":"https:\/\/www.gemshorn.eu\/domains\/gemshorn.eu\/de\/wp-json\/wp\/v2\/users\/1"}],"replies":[{"embeddable":true,"href":"https:\/\/www.gemshorn.eu\/domains\/gemshorn.eu\/de\/wp-json\/wp\/v2\/comments?post=11"}],"version-history":[{"count":34,"href":"https:\/\/www.gemshorn.eu\/domains\/gemshorn.eu\/de\/wp-json\/wp\/v2\/pages\/11\/revisions"}],"predecessor-version":[{"id":1653,"href":"https:\/\/www.gemshorn.eu\/domains\/gemshorn.eu\/de\/wp-json\/wp\/v2\/pages\/11\/revisions\/1653"}],"wp:attachment":[{"href":"https:\/\/www.gemshorn.eu\/domains\/gemshorn.eu\/de\/wp-json\/wp\/v2\/media?parent=11"}],"curies":[{"name":"wp","href":"https:\/\/api.w.org\/{rel}","templated":true}]}}