{"id":28,"date":"2023-03-31T14:46:42","date_gmt":"2023-03-31T12:46:42","guid":{"rendered":"http:\/\/www.gemshorn.eu\/domains\/gemshorn.eu\/our-story\/"},"modified":"2024-01-08T11:09:34","modified_gmt":"2024-01-08T10:09:34","slug":"zillertal","status":"publish","type":"page","link":"https:\/\/www.gemshorn.eu\/domains\/gemshorn.eu\/de\/zillertal\/","title":{"rendered":"Zillertal"},"content":{"rendered":"<div data-elementor-type=\"wp-page\" data-elementor-id=\"28\" class=\"elementor elementor-28\">\n\t\t\t\t\t\t<section class=\"elementor-section elementor-top-section elementor-element elementor-element-1bad28a1 elementor-section-full_width elementor-section-content-middle elementor-reverse-mobile elementor-section-height-min-height elementor-section-items-stretch elementor-section-height-default wpr-particle-no wpr-jarallax-no wpr-parallax-no wpr-column-slider-no wpr-equal-height-no\" data-id=\"1bad28a1\" data-element_type=\"section\" data-e-type=\"section\" data-settings=\"{&quot;background_background&quot;:&quot;slideshow&quot;,&quot;background_slideshow_gallery&quot;:[],&quot;background_slideshow_loop&quot;:&quot;yes&quot;,&quot;background_slideshow_slide_duration&quot;:5000,&quot;background_slideshow_slide_transition&quot;:&quot;fade&quot;,&quot;background_slideshow_transition_duration&quot;:500}\">\n\t\t\t\t\t\t<div class=\"elementor-container elementor-column-gap-no\">\n\t\t\t\t\t<div class=\"elementor-column elementor-col-50 elementor-top-column elementor-element elementor-element-e8333ac\" data-id=\"e8333ac\" data-element_type=\"column\" data-e-type=\"column\" data-settings=\"{&quot;background_background&quot;:&quot;classic&quot;}\">\n\t\t\t<div class=\"elementor-widget-wrap elementor-element-populated\">\n\t\t\t\t\t\t<div class=\"elementor-element elementor-element-d13c99c elementor-widget elementor-widget-spacer\" data-id=\"d13c99c\" data-element_type=\"widget\" data-e-type=\"widget\" data-widget_type=\"spacer.default\">\n\t\t\t\t<div class=\"elementor-widget-container\">\n\t\t\t\t\t\t\t<div class=\"elementor-spacer\">\n\t\t\t<div class=\"elementor-spacer-inner\"><\/div>\n\t\t<\/div>\n\t\t\t\t\t\t<\/div>\n\t\t\t\t<\/div>\n\t\t\t\t\t<\/div>\n\t\t<\/div>\n\t\t\t\t<div class=\"elementor-column elementor-col-50 elementor-top-column elementor-element elementor-element-49189231\" data-id=\"49189231\" data-element_type=\"column\" data-e-type=\"column\">\n\t\t\t<div class=\"elementor-widget-wrap elementor-element-populated\">\n\t\t\t\t\t\t<div class=\"elementor-element elementor-element-d2b127a elementor-widget elementor-widget-heading\" data-id=\"d2b127a\" data-element_type=\"widget\" data-e-type=\"widget\" data-widget_type=\"heading.default\">\n\t\t\t\t<div class=\"elementor-widget-container\">\n\t\t\t\t\t<h6 class=\"elementor-heading-title elementor-size-default\">Tal<\/h6>\t\t\t\t<\/div>\n\t\t\t\t<\/div>\n\t\t\t\t<div class=\"elementor-element elementor-element-6e51f598 elementor-invisible elementor-widget elementor-widget-heading\" data-id=\"6e51f598\" data-element_type=\"widget\" data-e-type=\"widget\" data-settings=\"{&quot;_animation&quot;:&quot;fadeIn&quot;}\" data-widget_type=\"heading.default\">\n\t\t\t\t<div class=\"elementor-widget-container\">\n\t\t\t\t\t<h2 class=\"elementor-heading-title elementor-size-default\">Zillertal<\/h2>\t\t\t\t<\/div>\n\t\t\t\t<\/div>\n\t\t\t\t<div class=\"elementor-element elementor-element-f9b6ee9 elementor-invisible elementor-widget elementor-widget-text-editor\" data-id=\"f9b6ee9\" data-element_type=\"widget\" data-e-type=\"widget\" data-settings=\"{&quot;_animation&quot;:&quot;fadeIn&quot;,&quot;_animation_delay&quot;:400}\" data-widget_type=\"text-editor.default\">\n\t\t\t\t<div class=\"elementor-widget-container\">\n\t\t\t\t\t\t\t\t\t<p>Das Zillertal ist ein 40 km langes Tal, dessen Richtung und Name durch den Fluss Ziller vorgegeben wird. Das Tal liegt etwa 1 Autostunde von der Tiroler Landeshauptstadt Innsbruck entfernt und ist von stark vergletscherten Alpenmassiven umgeben: den Zillertaler Alepen, den Tuxer Alpen und den K\u00fctzb\u00fchler Alpen.\u00a0<\/p><p>Dank seiner Lage und der wundersch\u00f6nen, unber\u00fchrten Natur ist das Zillertal zu einem der meistbesuchten T\u00e4ler Tirols geworden und bietet eine unendliche Vielfalt an Aktivit\u00e4ten. Sein gro\u00dfer Vorteil ist nicht nur die M\u00f6glichkeit, das ganze Jahr \u00fcber Ski zu fahren, sondern auch der immer st\u00e4rker werdende Sommertourismus. Es bietet zahllose sch\u00f6ne Wanderwege in unber\u00fchrter Natur, aber auch ein wachsendes Angebot an Bade- und Kinderattraktionen und fast jeden Gipfel.\u00a0<\/p>\t\t\t\t\t\t\t\t<\/div>\n\t\t\t\t<\/div>\n\t\t\t\t\t<\/div>\n\t\t<\/div>\n\t\t\t\t\t<\/div>\n\t\t<\/section>\n\t\t\t\t<section class=\"elementor-section elementor-top-section elementor-element elementor-element-1843e4df elementor-section-full_width elementor-section-content-middle elementor-section-height-min-height elementor-section-items-stretch elementor-section-height-default wpr-particle-no wpr-jarallax-no wpr-parallax-no wpr-sticky-section-no wpr-column-slider-no wpr-equal-height-no\" data-id=\"1843e4df\" data-element_type=\"section\" data-e-type=\"section\">\n\t\t\t\t\t\t<div class=\"elementor-container elementor-column-gap-no\">\n\t\t\t\t\t<div class=\"elementor-column elementor-col-25 elementor-top-column elementor-element elementor-element-1eb2f584\" data-id=\"1eb2f584\" data-element_type=\"column\" data-e-type=\"column\">\n\t\t\t<div class=\"elementor-widget-wrap elementor-element-populated\">\n\t\t\t\t\t\t<div class=\"elementor-element elementor-element-2498c247 elementor-widget elementor-widget-heading\" data-id=\"2498c247\" data-element_type=\"widget\" data-e-type=\"widget\" data-widget_type=\"heading.default\">\n\t\t\t\t<div class=\"elementor-widget-container\">\n\t\t\t\t\t<h2 class=\"elementor-heading-title elementor-size-default\">Sommerfestivals<\/h2>\t\t\t\t<\/div>\n\t\t\t\t<\/div>\n\t\t\t\t<div class=\"elementor-element elementor-element-31708b4e elementor-widget elementor-widget-text-editor\" data-id=\"31708b4e\" data-element_type=\"widget\" data-e-type=\"widget\" data-widget_type=\"text-editor.default\">\n\t\t\t\t<div class=\"elementor-widget-container\">\n\t\t\t\t\t\t\t\t\t<p>Im Sommer ist das Zillertal lebendig. Zu den Traditionen der Einheimischen geh\u00f6ren die \"Feste\", kleine Feste, Feiern und Auff\u00fchrungen in den St\u00e4dten und D\u00f6rfern des Zillertals. Hier gibt es Bauernm\u00e4rkte, musikalische Veranstalltungen lokaler Bands und die M\u00f6glichkeit, lokale Spezialit\u00e4ten wie den \"Zillertaler Krapfen\" zu kosten.<\/p>\t\t\t\t\t\t\t\t<\/div>\n\t\t\t\t<\/div>\n\t\t\t\t\t<\/div>\n\t\t<\/div>\n\t\t\t\t<div class=\"elementor-column elementor-col-50 elementor-top-column elementor-element elementor-element-33a1adb9\" data-id=\"33a1adb9\" data-element_type=\"column\" data-e-type=\"column\" data-settings=\"{&quot;background_background&quot;:&quot;classic&quot;}\">\n\t\t\t<div class=\"elementor-widget-wrap elementor-element-populated\">\n\t\t\t\t\t\t\t<\/div>\n\t\t<\/div>\n\t\t\t\t<div class=\"elementor-column elementor-col-25 elementor-top-column elementor-element elementor-element-c15d2d2\" data-id=\"c15d2d2\" data-element_type=\"column\" data-e-type=\"column\" data-settings=\"{&quot;background_background&quot;:&quot;classic&quot;}\">\n\t\t\t<div class=\"elementor-widget-wrap elementor-element-populated\">\n\t\t\t\t\t\t<div class=\"elementor-element elementor-element-16d5dff elementor-widget__width-initial elementor-widget-tablet__width-initial elementor-absolute elementor-widget elementor-widget-image\" data-id=\"16d5dff\" data-element_type=\"widget\" data-e-type=\"widget\" data-settings=\"{&quot;_position&quot;:&quot;absolute&quot;}\" data-widget_type=\"image.default\">\n\t\t\t\t<div class=\"elementor-widget-container\">\n\t\t\t\t\t\t\t\t\t\t\t\t\t\t\t<img fetchpriority=\"high\" decoding=\"async\" width=\"1580\" height=\"1920\" src=\"https:\/\/www.gemshorn.eu\/domains\/gemshorn.eu\/wp-content\/uploads\/2023\/04\/IMMV7478.jpg\" class=\"attachment-full size-full wp-image-1076\" alt=\"\" srcset=\"https:\/\/www.gemshorn.eu\/domains\/gemshorn.eu\/wp-content\/uploads\/2023\/04\/IMMV7478.jpg 1580w, https:\/\/www.gemshorn.eu\/domains\/gemshorn.eu\/wp-content\/uploads\/2023\/04\/IMMV7478-247x300.jpg 247w, https:\/\/www.gemshorn.eu\/domains\/gemshorn.eu\/wp-content\/uploads\/2023\/04\/IMMV7478-843x1024.jpg 843w, https:\/\/www.gemshorn.eu\/domains\/gemshorn.eu\/wp-content\/uploads\/2023\/04\/IMMV7478-768x933.jpg 768w, https:\/\/www.gemshorn.eu\/domains\/gemshorn.eu\/wp-content\/uploads\/2023\/04\/IMMV7478-1264x1536.jpg 1264w, https:\/\/www.gemshorn.eu\/domains\/gemshorn.eu\/wp-content\/uploads\/2023\/04\/IMMV7478-10x12.jpg 10w, https:\/\/www.gemshorn.eu\/domains\/gemshorn.eu\/wp-content\/uploads\/2023\/04\/IMMV7478-600x729.jpg 600w\" sizes=\"(max-width: 1580px) 100vw, 1580px\" \/>\t\t\t\t\t\t\t\t\t\t\t\t\t\t\t<\/div>\n\t\t\t\t<\/div>\n\t\t\t\t\t<\/div>\n\t\t<\/div>\n\t\t\t\t\t<\/div>\n\t\t<\/section>\n\t\t\t\t<section class=\"elementor-section elementor-top-section elementor-element elementor-element-46a7284 elementor-section-full_width elementor-section-content-middle elementor-section-height-min-height elementor-section-items-stretch elementor-section-height-default wpr-particle-no wpr-jarallax-no wpr-parallax-no wpr-sticky-section-no wpr-column-slider-no wpr-equal-height-no\" data-id=\"46a7284\" data-element_type=\"section\" data-e-type=\"section\">\n\t\t\t\t\t\t<div class=\"elementor-container elementor-column-gap-no\">\n\t\t\t\t\t<div class=\"elementor-column elementor-col-50 elementor-top-column elementor-element elementor-element-f91695e\" data-id=\"f91695e\" data-element_type=\"column\" data-e-type=\"column\" data-settings=\"{&quot;background_background&quot;:&quot;classic&quot;}\">\n\t\t\t<div class=\"elementor-widget-wrap elementor-element-populated\">\n\t\t\t\t\t\t<div class=\"elementor-element elementor-element-0d81e76 elementor-widget-tablet__width-initial elementor-widget-mobile__width-initial elementor-absolute elementor-hidden-tablet elementor-hidden-mobile elementor-widget elementor-widget-image\" data-id=\"0d81e76\" data-element_type=\"widget\" data-e-type=\"widget\" data-settings=\"{&quot;_position&quot;:&quot;absolute&quot;}\" data-widget_type=\"image.default\">\n\t\t\t\t<div class=\"elementor-widget-container\">\n\t\t\t\t\t\t\t\t\t\t\t\t\t\t\t<img decoding=\"async\" width=\"1440\" height=\"1920\" src=\"https:\/\/www.gemshorn.eu\/domains\/gemshorn.eu\/wp-content\/uploads\/2023\/04\/IMG-20220929-WA0092.jpg\" class=\"attachment-full size-full wp-image-923\" alt=\"\" srcset=\"https:\/\/www.gemshorn.eu\/domains\/gemshorn.eu\/wp-content\/uploads\/2023\/04\/IMG-20220929-WA0092.jpg 1440w, https:\/\/www.gemshorn.eu\/domains\/gemshorn.eu\/wp-content\/uploads\/2023\/04\/IMG-20220929-WA0092-600x800.jpg 600w, https:\/\/www.gemshorn.eu\/domains\/gemshorn.eu\/wp-content\/uploads\/2023\/04\/IMG-20220929-WA0092-225x300.jpg 225w, https:\/\/www.gemshorn.eu\/domains\/gemshorn.eu\/wp-content\/uploads\/2023\/04\/IMG-20220929-WA0092-768x1024.jpg 768w, https:\/\/www.gemshorn.eu\/domains\/gemshorn.eu\/wp-content\/uploads\/2023\/04\/IMG-20220929-WA0092-1152x1536.jpg 1152w, https:\/\/www.gemshorn.eu\/domains\/gemshorn.eu\/wp-content\/uploads\/2023\/04\/IMG-20220929-WA0092-9x12.jpg 9w\" sizes=\"(max-width: 1440px) 100vw, 1440px\" \/>\t\t\t\t\t\t\t\t\t\t\t\t\t\t\t<\/div>\n\t\t\t\t<\/div>\n\t\t\t\t\t<\/div>\n\t\t<\/div>\n\t\t\t\t<div class=\"elementor-column elementor-col-25 elementor-top-column elementor-element elementor-element-164be9c\" data-id=\"164be9c\" data-element_type=\"column\" data-e-type=\"column\" data-settings=\"{&quot;background_background&quot;:&quot;classic&quot;}\">\n\t\t\t<div class=\"elementor-widget-wrap elementor-element-populated\">\n\t\t\t\t\t\t<div class=\"elementor-element elementor-element-57b78a9 elementor-widget-tablet__width-initial elementor-widget elementor-widget-image\" data-id=\"57b78a9\" data-element_type=\"widget\" data-e-type=\"widget\" data-widget_type=\"image.default\">\n\t\t\t\t<div class=\"elementor-widget-container\">\n\t\t\t\t\t\t\t\t\t\t\t\t\t\t\t<img decoding=\"async\" width=\"768\" height=\"1024\" src=\"https:\/\/www.gemshorn.eu\/domains\/gemshorn.eu\/wp-content\/uploads\/2023\/04\/IMG-20220929-WA0060-768x1024.jpg\" class=\"attachment-large size-large wp-image-922\" alt=\"\" srcset=\"https:\/\/www.gemshorn.eu\/domains\/gemshorn.eu\/wp-content\/uploads\/2023\/04\/IMG-20220929-WA0060-768x1024.jpg 768w, https:\/\/www.gemshorn.eu\/domains\/gemshorn.eu\/wp-content\/uploads\/2023\/04\/IMG-20220929-WA0060-600x800.jpg 600w, https:\/\/www.gemshorn.eu\/domains\/gemshorn.eu\/wp-content\/uploads\/2023\/04\/IMG-20220929-WA0060-225x300.jpg 225w, https:\/\/www.gemshorn.eu\/domains\/gemshorn.eu\/wp-content\/uploads\/2023\/04\/IMG-20220929-WA0060-1152x1536.jpg 1152w, https:\/\/www.gemshorn.eu\/domains\/gemshorn.eu\/wp-content\/uploads\/2023\/04\/IMG-20220929-WA0060-9x12.jpg 9w, https:\/\/www.gemshorn.eu\/domains\/gemshorn.eu\/wp-content\/uploads\/2023\/04\/IMG-20220929-WA0060.jpg 1440w\" sizes=\"(max-width: 768px) 100vw, 768px\" \/>\t\t\t\t\t\t\t\t\t\t\t\t\t\t\t<\/div>\n\t\t\t\t<\/div>\n\t\t\t\t\t<\/div>\n\t\t<\/div>\n\t\t\t\t<div class=\"elementor-column elementor-col-25 elementor-top-column elementor-element elementor-element-6388ff7\" data-id=\"6388ff7\" data-element_type=\"column\" data-e-type=\"column\">\n\t\t\t<div class=\"elementor-widget-wrap elementor-element-populated\">\n\t\t\t\t\t\t<div class=\"elementor-element elementor-element-490ad2d elementor-widget elementor-widget-heading\" data-id=\"490ad2d\" data-element_type=\"widget\" data-e-type=\"widget\" data-widget_type=\"heading.default\">\n\t\t\t\t<div class=\"elementor-widget-container\">\n\t\t\t\t\t<h2 class=\"elementor-heading-title elementor-size-default\">Almabtrieb<\/h2>\t\t\t\t<\/div>\n\t\t\t\t<\/div>\n\t\t\t\t<div class=\"elementor-element elementor-element-427828d elementor-widget elementor-widget-text-editor\" data-id=\"427828d\" data-element_type=\"widget\" data-e-type=\"widget\" data-widget_type=\"text-editor.default\">\n\t\t\t\t<div class=\"elementor-widget-container\">\n\t\t\t\t\t\t\t\t\tEines der beliebtesten Ereignisse f\u00fcr Einheimische und Touristen gleicherma\u00dfen ist der \"Almabtrieb\" oder das Ende der Sommersaison, wann die K\u00fche von den Almen hinunter ins Tal wieder getrieben werden. Dieses Ereignis wird mit Festen in den D\u00f6rfern gefeiert, bei denen an jeder Ecke Live-Musik erklingt und an zahlreichen St\u00e4nden lokale Produkte und K\u00f6stlichkeiten verkauft werden. Eine der Hauptattraktionen ist die Parade der verkleideten K\u00fche und die anschlie\u00dfende Bewertung der Siegerin.\u00a0\t\t\t\t\t\t\t\t<\/div>\n\t\t\t\t<\/div>\n\t\t\t\t<div class=\"elementor-element elementor-element-412cb65 elementor-widget elementor-widget-text-editor\" data-id=\"412cb65\" data-element_type=\"widget\" data-e-type=\"widget\" data-widget_type=\"text-editor.default\">\n\t\t\t\t<div class=\"elementor-widget-container\">\n\t\t\t\t\t\t\t\t\t<p>Veranstaltungsort und -tage:<\/p><p><a href=\"https:\/\/www.zillertalarena.com\/gerlos\/der-ort\/veranstaltungen\/almabtrieb\/\">28.9.2024 - Gerlos<\/a><\/p><p><a href=\"https:\/\/www.zillertalarena.com\/zell\/der-ort\/veranstaltungen\/almabtrieb\/\">28.9.2024 - Zell am Ziller\u00a0<\/a><\/p>\t\t\t\t\t\t\t\t<\/div>\n\t\t\t\t<\/div>\n\t\t\t\t\t<\/div>\n\t\t<\/div>\n\t\t\t\t\t<\/div>\n\t\t<\/section>\n\t\t\t\t<\/div>","protected":false},"excerpt":{"rendered":"<p>Zillertal Das Zillertal ist ein 40 km langes Tal, dessen Richtung und Name durch den Fluss Ziller vorgegeben wird. Das Tal liegt etwa 1 Autostunde von der Tiroler Landeshauptstadt Innsbruck entfernt und ist von stark vergletscherten Alpenmassiven umgeben: den Zillertaler Alepen, den Tuxer Alpen und den K\u00fctzb\u00fchler Alpen.  Dank seiner Lage und der wundersch\u00f6nen, unber\u00fchrten Natur ist das Zillertal zu einem der meistbesuchten T\u00e4ler Tirols geworden und bietet eine unendliche Vielfalt an Aktivit\u00e4ten. Sein gro\u00dfer Vorteil ist nicht nur die M\u00f6glichkeit, das ganze Jahr \u00fcber Ski zu fahren, sondern auch der st\u00e4ndig wachsende Sommertourismus. Es bietet unz\u00e4hlige sch\u00f6ne Wanderwege in unber\u00fchrter Natur, aber auch eine wachsende Wasserfl\u00e4che zum Baden und Kinderattraktionen und fast jeden Gipfel.  Sommerfeste Das Zillertal ist im Sommer lebendig. Zu den Traditionen der Einheimischen geh\u00f6ren die \"Feste\", kleine Feste, Feiern und Auff\u00fchrungen in den St\u00e4dten und D\u00f6rfern des Zillertals. Hier gibt es Bauernm\u00e4rkte, musikalische Darbietungen lokaler Bands und die M\u00f6glichkeit, lokale Spezialit\u00e4ten wie den \"Zillertaler Krapfen\" zu verkosten. Almabtrieb Eines der beliebtesten Ereignisse f\u00fcr Einheimische und Touristen ist der \"Almabtrieb\", das Ende der Sommersaison, wenn die K\u00fche von den Almen nach Hause gebracht werden. Dieses Ereignis wird mit Festen in den D\u00f6rfern gefeiert, bei denen an jeder Ecke Live-Musik erklingt und an zahlreichen St\u00e4nden lokale Produkte und K\u00f6stlichkeiten verkauft werden. Eine der Hauptattraktionen ist die Parade der verkleideten K\u00fche und die anschlie\u00dfende Pr\u00e4mierung der Sieger.  Veranstaltungsort und Termine: 28.9.2024 - Gerlos 28.9.2024 - Zell am Ziller\u00a0<\/p>","protected":false},"author":1,"featured_media":0,"parent":0,"menu_order":0,"comment_status":"closed","ping_status":"closed","template":"elementor_header_footer","meta":{"footnotes":""},"class_list":["post-28","page","type-page","status-publish","hentry"],"jetpack_sharing_enabled":true,"_links":{"self":[{"href":"https:\/\/www.gemshorn.eu\/domains\/gemshorn.eu\/de\/wp-json\/wp\/v2\/pages\/28","targetHints":{"allow":["GET"]}}],"collection":[{"href":"https:\/\/www.gemshorn.eu\/domains\/gemshorn.eu\/de\/wp-json\/wp\/v2\/pages"}],"about":[{"href":"https:\/\/www.gemshorn.eu\/domains\/gemshorn.eu\/de\/wp-json\/wp\/v2\/types\/page"}],"author":[{"embeddable":true,"href":"https:\/\/www.gemshorn.eu\/domains\/gemshorn.eu\/de\/wp-json\/wp\/v2\/users\/1"}],"replies":[{"embeddable":true,"href":"https:\/\/www.gemshorn.eu\/domains\/gemshorn.eu\/de\/wp-json\/wp\/v2\/comments?post=28"}],"version-history":[{"count":43,"href":"https:\/\/www.gemshorn.eu\/domains\/gemshorn.eu\/de\/wp-json\/wp\/v2\/pages\/28\/revisions"}],"predecessor-version":[{"id":1656,"href":"https:\/\/www.gemshorn.eu\/domains\/gemshorn.eu\/de\/wp-json\/wp\/v2\/pages\/28\/revisions\/1656"}],"wp:attachment":[{"href":"https:\/\/www.gemshorn.eu\/domains\/gemshorn.eu\/de\/wp-json\/wp\/v2\/media?parent=28"}],"curies":[{"name":"wp","href":"https:\/\/api.w.org\/{rel}","templated":true}]}}